{"id":1336,"date":"2017-12-08T20:36:10","date_gmt":"2017-12-08T20:36:10","guid":{"rendered":"http:\/\/www.ivangoranzunar.com\/?page_id=1336"},"modified":"2020-05-03T21:40:38","modified_gmt":"2020-05-03T21:40:38","slug":"o-meni","status":"publish","type":"page","link":"https:\/\/www.ivangoranzunar.com\/hr\/o-meni\/","title":{"rendered":"O meni"},"content":{"rendered":"<p>[vc_row][vc_column][vc_empty_space][vc_column_text]<\/p>\n<h2 style=\"text-align: center;\"><a>IVAN GORAN \u017dUNAR<br \/>\n<\/a><\/h2>\n<p style=\"text-align: center;\"><strong>mag. ing. techn. graph.<\/strong><\/p>\n<p>[\/vc_column_text][vc_empty_space][vc_separator][vc_empty_space height=&#8221;24px&#8221;][\/vc_column][\/vc_row][vc_row][vc_column width=&#8221;1\/3&#8243;][vc_empty_space][vc_column_text css_animation=&#8221;fadeIn&#8221;]dizajner je vizualnih komunikacija s iskustvom u dizajnu identiteta tvrtke i proizvoda, dizajnu ambala\u017ee, pokretnoj grafici i video produkciji, produkt dizajnu te dizajnu tiskanih i digitalnih materijala tr\u017ei\u0161ne komunikacije (dizajnu objava na dru\u0161tvenim mre\u017eama, dizajnu oglasa, televizijskih reklama, plakata, letaka i dr.).<\/p>\n<p>Ivan Goran \u017dunar vi\u0161estruko je nagra\u0111ivan dizajner, od \u010dega valja istaknuti nagradu Design Plus za najbolji prototip 44. me\u0111unarodnog salona namje\u0161taja, unutarnjeg ure\u0111enja i prate\u0107e industrije Ambienta 2017., nagradu za najbolji dizajn dizajn sekcije ULUPUDS, te tre\u0107u nagradu za dizajn suvremene interpretacije sekretera SecretArea na Konferenciji Ljudi, drvo, namje\u0161taj 2017., nagradu za cjeloviti projekt Baggizmo (u sklopu Design Bureau Izvorka Juri\u0107) na Izlo\u017ebi hrvatskog dizajna 1516 u Muzeju za umjetnost i obrt u Zagrebu 2016., priznanje za dizajn ambala\u017ee CROPAK 2013. i nagradu za najbolju seriju fotografija na Konferenciji Bla\u017e Baromi\u0107 u Senju (2014.).[\/vc_column_text][\/vc_column][vc_column width=&#8221;1\/3&#8243;][vc_empty_space][vc_column_text css_animation=&#8221;fadeIn&#8221;]Redovito sudjeluje na izlo\u017ebama i festivalima dizajna, primjerice, Tjedan dizajna u Zagrebu, Mikser u Beogradu, u Hrvatskom dizajnerskom dru\u0161tvu, Biennalu hrvatske mlade fotografije u Galeriji umjetnina u Zadru (2011.), PDP convention u Novom Sadu (2011.), na Grafi\u010dkom fakultetu (2014.) te je realizirao i jednu samostalnu multimedijalnu izlo\u017ebu Izvu\u010deno iz konteksta 2016. godine u rodnom Ivancu.<\/p>\n<p>Radovi su mu objavljivani na portalima za dizajn, fotografiju i vizualnu umjetnost kao \u0161to je Vizkultura, Pogledaj.to, Kulturistra, Dom i dizajn, Elle, Moda.hr, Buro247, Canvas Pantone, Tabi Labo, Trendhunter, te tako\u0111er i u Ve\u010dernjem listu, Slobodnoj Dalmaciji, Glasu Istre, T-portalu i drugdje; sudjelovao je u uspje\u0161noj me\u0111unarodnoj Kickstarter i Indiegogo kampanji (2015), odr\u017eao je dva pozivna predavanja na Grafi\u010dkom fakultetu u Zagrebu, te je sudjelovao i na me\u0111unarodnoj panel diskusiji Practicing Design 2017.[\/vc_column_text][\/vc_column][vc_column width=&#8221;1\/3&#8243;][vc_empty_space][vc_column_text css_animation=&#8221;fadeIn&#8221;]Dosada\u0161nji profesionalni razvoj zapo\u010deo je na Grafi\u010dkom fakultetu Sveu\u010dili\u0161ta u Zagrebu (smjer Dizajn grafi\u010dkih proizvoda) gdje je osvojio Dekanovu nagradu i diplomirao Cum laude, zatim Universidad Complutense de Madrid na Facultad de Bellas Artes, nakon zavr\u0161etka fakulteta ga nastavio u Design Bureau Izvorka Juri\u0107 \/ Motus Vis d.o.o., te kasnije Akterpublic d.o.o., agenciji za tr\u017ei\u0161no komuniciranje; uz suradnju na nezavisnim projektima u sklopu Hrvatskog dizajnerskog dru\u0161tva i u sklopu udruge Metamedij u Puli. \u010clan je Hrvatskog dizajnerskog dru\u0161tva, Hrvatskog dru\u0161tva nezavisnih profesionalaca i Hrvatskog dru\u0161tva grafi\u010dara.<\/p>\n<p>Odlikuje ga kreativnost, predanost i temeljitost na svakom radnom projektu, samokriti\u010dnost, analiti\u010dko-istra\u017eiva\u010dki pristup, interdisciplinarno iskustvo i kvalitetna suradnja sa svim subjektima u radnom procesu.[\/vc_column_text][\/vc_column][\/vc_row][vc_row][vc_column][vc_empty_space height=&#8221;64px&#8221;][vc_separator][\/vc_column][\/vc_row][vc_row][vc_column][vc_empty_space height=&#8221;56px&#8221;]<div id=\"ult-carousel-64981618169eb696bd95e7\" class=\"ult-carousel-wrapper   ult_horizontal\" data-gutter=\"10\" data-rtl=\"false\" ><div class=\"ult-carousel-162589824369eb696bd95da \" >[vc_single_image image=&#8221;1543&#8243; alignment=&#8221;center&#8221; onclick=&#8221;custom_link&#8221; link=&#8221;http:\/\/www.zv.hr\/sajmovi-7\/ambienta-63\/posjetitelji-2534\/nagrade-ambiente\/dizajn-plus\/3985&#8243;][vc_single_image image=&#8221;1544&#8243; alignment=&#8221;center&#8221;][vc_single_image image=&#8221;1545&#8243; alignment=&#8221;center&#8221;][vc_single_image image=&#8221;1546&#8243; alignment=&#8221;center&#8221;][vc_single_image image=&#8221;1547&#8243; alignment=&#8221;center&#8221; onclick=&#8221;custom_link&#8221; link=&#8221;https:\/\/www.indiegogo.com\/projects\/baggizmo-the-next-frontier-in-wearing-tech-bag-gadgets#\/&#8221;][vc_single_image image=&#8221;1548&#8243; alignment=&#8221;center&#8221; onclick=&#8221;custom_link&#8221; link=&#8221;https:\/\/www.muo.hr\/blog\/2016\/09\/13\/otvorena-izlozba-hrvatskog-dizajna-1516-dodijeljene-nagrade-i-priznanja\/&#8221;][vc_single_image image=&#8221;1549&#8243; alignment=&#8221;center&#8221; onclick=&#8221;custom_link&#8221; link=&#8221;http:\/\/www.varazdinske-vijesti.hr\/kultura-i-scena\/izlozba-izvuceno-iz-konteksta-ivana-gorana-zunara-8462\/&#8221;][vc_single_image image=&#8221;1550&#8243; alignment=&#8221;center&#8221; onclick=&#8221;custom_link&#8221; link=&#8221;https:\/\/www.kickstarter.com\/projects\/757598393\/baggizmo-the-only-everyday-carry-bag-you-will-ever\/description&#8221;][vc_single_image image=&#8221;1551&#8243; alignment=&#8221;center&#8221; onclick=&#8221;custom_link&#8221; link=&#8221;http:\/\/festival.mikser.rs\/participant\/secretarea-milena-jovanovic-srbija\/&#8221;][vc_single_image image=&#8221;1552&#8243; alignment=&#8221;center&#8221; onclick=&#8221;custom_link&#8221; link=&#8221;http:\/\/practicingdesign.info\/hr\/design-training\/conference\/&#8221;][vc_single_image image=&#8221;1553&#8243; onclick=&#8221;custom_link&#8221; link=&#8221;http:\/\/tjedandizajna.com\/tdzg_expo\/secretarea\/&#8221;][vc_single_image image=&#8221;1554&#8243; alignment=&#8221;center&#8221; onclick=&#8221;custom_link&#8221; link=&#8221;https:\/\/vizkultura.hr\/aha-zarulje\/&#8221;]<\/div><\/div>            <script type=\"text\/javascript\">\r\n\t\t\t\tjQuery(document).ready(function($){\r\n               \t\t$('.ult-carousel-162589824369eb696bd95da').slick({dots: false,autoplay: true,autoplaySpeed: 1000,speed: 1500,infinite: true,arrows: false,slidesToScroll:5,slidesToShow:5,swipe: true,draggable: true,touchMove: true,responsive: [\r\n\t\t\t\t\t\t\t{\r\n\t\t\t\t\t\t\t  breakpoint: 1025,\r\n\t\t\t\t\t\t\t  settings: {\r\n\t\t\t\t\t\t\t\tslidesToShow: 5,\r\n\t\t\t\t\t\t\t\tslidesToScroll: 5,  \r\n\t\t\t\t\t\t\t  }\r\n\t\t\t\t\t\t\t},\r\n\t\t\t\t\t\t\t{\r\n\t\t\t\t\t\t\t  breakpoint: 769,\r\n\t\t\t\t\t\t\t  settings: {\r\n\t\t\t\t\t\t\t\tslidesToShow: 3,\r\n\t\t\t\t\t\t\t\tslidesToScroll: 3\r\n\t\t\t\t\t\t\t  }\r\n\t\t\t\t\t\t\t},\r\n\t\t\t\t\t\t\t{\r\n\t\t\t\t\t\t\t  breakpoint: 481,\r\n\t\t\t\t\t\t\t  settings: {\r\n\t\t\t\t\t\t\t\tslidesToShow: 2,\r\n\t\t\t\t\t\t\t\tslidesToScroll: 2\r\n\t\t\t\t\t\t\t  }\r\n\t\t\t\t\t\t\t}\r\n\t\t\t\t\t\t],pauseOnHover: true,\r\n\t\t\t\t\t\tpauseOnDotsHover: true,customPaging: function(slider, i) {\r\n                   return '<i type=\"button\" style=\"color:#333333;\" class=\"ultsl-record\" data-role=\"none\"><\/i>';\r\n                },});\r\n\t\t\t\t});\r\n\t\t\t<\/script>\r\n            [\/vc_column][\/vc_row]<\/p>","protected":false},"excerpt":{"rendered":"<p>[vc_row][vc_column][vc_empty_space][vc_column_text] IVAN GORAN \u017dUNAR mag. ing. techn. graph. [\/vc_column_text][vc_empty_space][vc_separator][vc_empty_space height=&#8221;24px&#8221;][\/vc_column][\/vc_row][vc_row][vc_column width=&#8221;1\/3&#8243;][vc_empty_space][vc_column_text css_animation=&#8221;fadeIn&#8221;]dizajner je vizualnih komunikacija s iskustvom u dizajnu identiteta tvrtke i proizvoda, dizajnu ambala\u017ee, pokretnoj grafici i video produkciji, produkt dizajnu te dizajnu tiskanih i digitalnih materijala tr\u017ei\u0161ne komunikacije (dizajnu objava na dru\u0161tvenim mre\u017eama, dizajnu oglasa, televizijskih reklama, plakata, letaka i dr.). Ivan Goran [&hellip;]<\/p>\n","protected":false},"author":1,"featured_media":0,"parent":0,"menu_order":0,"comment_status":"closed","ping_status":"closed","template":"","meta":{"_monsterinsights_skip_tracking":false,"_monsterinsights_sitenote_active":false,"_monsterinsights_sitenote_note":"","_monsterinsights_sitenote_category":0},"_links":{"self":[{"href":"https:\/\/www.ivangoranzunar.com\/hr\/wp-json\/wp\/v2\/pages\/1336"}],"collection":[{"href":"https:\/\/www.ivangoranzunar.com\/hr\/wp-json\/wp\/v2\/pages"}],"about":[{"href":"https:\/\/www.ivangoranzunar.com\/hr\/wp-json\/wp\/v2\/types\/page"}],"author":[{"embeddable":true,"href":"https:\/\/www.ivangoranzunar.com\/hr\/wp-json\/wp\/v2\/users\/1"}],"replies":[{"embeddable":true,"href":"https:\/\/www.ivangoranzunar.com\/hr\/wp-json\/wp\/v2\/comments?post=1336"}],"version-history":[{"count":103,"href":"https:\/\/www.ivangoranzunar.com\/hr\/wp-json\/wp\/v2\/pages\/1336\/revisions"}],"predecessor-version":[{"id":1849,"href":"https:\/\/www.ivangoranzunar.com\/hr\/wp-json\/wp\/v2\/pages\/1336\/revisions\/1849"}],"wp:attachment":[{"href":"https:\/\/www.ivangoranzunar.com\/hr\/wp-json\/wp\/v2\/media?parent=1336"}],"curies":[{"name":"wp","href":"https:\/\/api.w.org\/{rel}","templated":true}]}}